{"id":179,"date":"2022-04-18T22:44:15","date_gmt":"2022-04-18T22:44:15","guid":{"rendered":"https:\/\/aiprod.net\/tiendaaiprod\/?post_type=product&#038;p=179"},"modified":"2022-05-02T16:51:01","modified_gmt":"2022-05-02T16:51:01","slug":"programa-de-formacion-inicial-para-policia-de-investigacion-en-activo","status":"publish","type":"product","link":"https:\/\/aiprod.net\/tiendaaiprod\/producto\/programa-de-formacion-inicial-para-policia-de-investigacion-en-activo\/","title":{"rendered":"Programa de Formaci\u00f3n Inicial para Polic\u00eda de Investigaci\u00f3n en Activo"},"content":{"rendered":"<p><strong>Objetivo<\/strong><\/p>\n<p>Reforzar la competencia con base en contenidos te\u00f3rico-pr\u00e1cticos, para que el elemento en activo que desempe\u00f1a las funciones de Polic\u00eda de Investigaci\u00f3n intervenga en la investigaci\u00f3n de los delitos conforme a sus atribuciones constitucionales y procedimentales en coordinaci\u00f3n con el Ministerio P\u00fablico y dem\u00e1s operadores del sistema<\/p>\n","protected":false},"excerpt":{"rendered":"<p>365 horas<\/p>\n","protected":false},"featured_media":404,"comment_status":"open","ping_status":"closed","template":"","meta":{"site-sidebar-layout":"default","site-content-layout":"default","ast-main-header-display":"","ast-hfb-above-header-display":"","ast-hfb-below-header-display":"","ast-hfb-mobile-header-display":"","site-post-title":"","ast-breadcrumbs-content":"","ast-featured-img":"","footer-sml-layout":"","theme-transparent-header-meta":"default","adv-header-id-meta":"","stick-header-meta":"default","header-above-stick-meta":"","header-main-stick-meta":"","header-below-stick-meta":""},"product_cat":[22],"product_tag":[],"_links":{"self":[{"href":"https:\/\/aiprod.net\/tiendaaiprod\/wp-json\/wp\/v2\/product\/179"}],"collection":[{"href":"https:\/\/aiprod.net\/tiendaaiprod\/wp-json\/wp\/v2\/product"}],"about":[{"href":"https:\/\/aiprod.net\/tiendaaiprod\/wp-json\/wp\/v2\/types\/product"}],"replies":[{"embeddable":true,"href":"https:\/\/aiprod.net\/tiendaaiprod\/wp-json\/wp\/v2\/comments?post=179"}],"wp:featuredmedia":[{"embeddable":true,"href":"https:\/\/aiprod.net\/tiendaaiprod\/wp-json\/wp\/v2\/media\/404"}],"wp:attachment":[{"href":"https:\/\/aiprod.net\/tiendaaiprod\/wp-json\/wp\/v2\/media?parent=179"}],"wp:term":[{"taxonomy":"product_cat","embeddable":true,"href":"https:\/\/aiprod.net\/tiendaaiprod\/wp-json\/wp\/v2\/product_cat?post=179"},{"taxonomy":"product_tag","embeddable":true,"href":"https:\/\/aiprod.net\/tiendaaiprod\/wp-json\/wp\/v2\/product_tag?post=179"}],"curies":[{"name":"wp","href":"https:\/\/api.w.org\/{rel}","templated":true}]}}