{"id":178,"date":"2022-04-18T22:43:20","date_gmt":"2022-04-18T22:43:20","guid":{"rendered":"https:\/\/aiprod.net\/tiendaaiprod\/?post_type=product&#038;p=178"},"modified":"2024-06-29T10:45:02","modified_gmt":"2024-06-29T10:45:02","slug":"curso-taller-de-especializacion-para-policia-de-investigacion-en-el-sistema-de-justicia-penal","status":"publish","type":"product","link":"https:\/\/aiprod.net\/tiendaaiprod\/producto\/curso-taller-de-especializacion-para-policia-de-investigacion-en-el-sistema-de-justicia-penal\/","title":{"rendered":"Curso Taller de especializaci\u00f3n para Polic\u00eda de Investigaci\u00f3n en el Sistema de Justicia Penal"},"content":{"rendered":"<p><strong>Objetivo<\/strong><\/p>\n<p>Desarrollar habilidades de investigaci\u00f3n cient\u00edfica de los delitos y litigaci\u00f3n en el sistema de audiencias, as\u00ed como profundizar en los contenidos derivados de las funciones propias de los operadores en cada una de las etapas que conforman el procedimiento penal acusatorio, lo que se pretende a trav\u00e9s de talleres dise\u00f1ados para que los participantes tengan la posibilidad de desempe\u00f1ar los roles y actuaciones que el sistema demanda<\/p>\n","protected":false},"excerpt":{"rendered":"<p>90 horas<\/p>\n","protected":false},"featured_media":357,"comment_status":"open","ping_status":"closed","template":"","meta":{"site-sidebar-layout":"default","site-content-layout":"default","ast-main-header-display":"","ast-hfb-above-header-display":"","ast-hfb-below-header-display":"","ast-hfb-mobile-header-display":"","site-post-title":"","ast-breadcrumbs-content":"","ast-featured-img":"","footer-sml-layout":"","theme-transparent-header-meta":"default","adv-header-id-meta":"","stick-header-meta":"default","header-above-stick-meta":"","header-main-stick-meta":"","header-below-stick-meta":""},"product_cat":[28,25],"product_tag":[],"_links":{"self":[{"href":"https:\/\/aiprod.net\/tiendaaiprod\/wp-json\/wp\/v2\/product\/178"}],"collection":[{"href":"https:\/\/aiprod.net\/tiendaaiprod\/wp-json\/wp\/v2\/product"}],"about":[{"href":"https:\/\/aiprod.net\/tiendaaiprod\/wp-json\/wp\/v2\/types\/product"}],"replies":[{"embeddable":true,"href":"https:\/\/aiprod.net\/tiendaaiprod\/wp-json\/wp\/v2\/comments?post=178"}],"wp:featuredmedia":[{"embeddable":true,"href":"https:\/\/aiprod.net\/tiendaaiprod\/wp-json\/wp\/v2\/media\/357"}],"wp:attachment":[{"href":"https:\/\/aiprod.net\/tiendaaiprod\/wp-json\/wp\/v2\/media?parent=178"}],"wp:term":[{"taxonomy":"product_cat","embeddable":true,"href":"https:\/\/aiprod.net\/tiendaaiprod\/wp-json\/wp\/v2\/product_cat?post=178"},{"taxonomy":"product_tag","embeddable":true,"href":"https:\/\/aiprod.net\/tiendaaiprod\/wp-json\/wp\/v2\/product_tag?post=178"}],"curies":[{"name":"wp","href":"https:\/\/api.w.org\/{rel}","templated":true}]}}