{"id":175,"date":"2022-04-18T22:27:50","date_gmt":"2022-04-18T22:27:50","guid":{"rendered":"https:\/\/aiprod.net\/tiendaaiprod\/?post_type=product&#038;p=175"},"modified":"2025-05-17T10:03:13","modified_gmt":"2025-05-17T10:03:13","slug":"curso-de-especializacion-para-integrantes-de-las-unidades-de-policia-cibernetica","status":"publish","type":"product","link":"https:\/\/aiprod.net\/tiendaaiprod\/producto\/curso-de-especializacion-para-integrantes-de-las-unidades-de-policia-cibernetica\/","title":{"rendered":"Curso de especializaci\u00f3n para Integrantes de las Unidades de Polic\u00eda Cibern\u00e9tica"},"content":{"rendered":"<p><strong>Objetivo<\/strong><\/p>\n<p>Contribuir:<br \/>\nEn la implementaci\u00f3n de un Modelo de Unidad de Polic\u00eda Cibern\u00e9tica que impulse la prevenci\u00f3n, atenci\u00f3n e investigaci\u00f3n de los delitos cibern\u00e9ticos a lo largo del territorio nacional.<br \/>\nEn la reducci\u00f3n de delitos cometidos en agravio de ni\u00f1as, ni\u00f1os y adolescentes.<br \/>\nEn el incremento del nivel de seguridad de la red p\u00fablica de internet.<br \/>\nEn el mejoramiento de la calidad de vida dentro de la sociedad, al fomentar las operaciones de comercio electr\u00f3nico seguro en el pa\u00eds.<\/p>\n","protected":false},"excerpt":{"rendered":"<p>260 horas<\/p>\n","protected":false},"featured_media":326,"comment_status":"open","ping_status":"closed","template":"","meta":{"site-sidebar-layout":"default","site-content-layout":"default","ast-main-header-display":"","ast-hfb-above-header-display":"","ast-hfb-below-header-display":"","ast-hfb-mobile-header-display":"","site-post-title":"","ast-breadcrumbs-content":"","ast-featured-img":"","footer-sml-layout":"","theme-transparent-header-meta":"default","adv-header-id-meta":"","stick-header-meta":"default","header-above-stick-meta":"","header-main-stick-meta":"","header-below-stick-meta":""},"product_cat":[28,23],"product_tag":[],"_links":{"self":[{"href":"https:\/\/aiprod.net\/tiendaaiprod\/wp-json\/wp\/v2\/product\/175"}],"collection":[{"href":"https:\/\/aiprod.net\/tiendaaiprod\/wp-json\/wp\/v2\/product"}],"about":[{"href":"https:\/\/aiprod.net\/tiendaaiprod\/wp-json\/wp\/v2\/types\/product"}],"replies":[{"embeddable":true,"href":"https:\/\/aiprod.net\/tiendaaiprod\/wp-json\/wp\/v2\/comments?post=175"}],"wp:featuredmedia":[{"embeddable":true,"href":"https:\/\/aiprod.net\/tiendaaiprod\/wp-json\/wp\/v2\/media\/326"}],"wp:attachment":[{"href":"https:\/\/aiprod.net\/tiendaaiprod\/wp-json\/wp\/v2\/media?parent=175"}],"wp:term":[{"taxonomy":"product_cat","embeddable":true,"href":"https:\/\/aiprod.net\/tiendaaiprod\/wp-json\/wp\/v2\/product_cat?post=175"},{"taxonomy":"product_tag","embeddable":true,"href":"https:\/\/aiprod.net\/tiendaaiprod\/wp-json\/wp\/v2\/product_tag?post=175"}],"curies":[{"name":"wp","href":"https:\/\/api.w.org\/{rel}","templated":true}]}}