{"id":170,"date":"2022-04-18T18:25:23","date_gmt":"2022-04-18T18:25:23","guid":{"rendered":"https:\/\/aiprod.net\/tiendaaiprod\/?post_type=product&#038;p=170"},"modified":"2022-04-27T22:59:35","modified_gmt":"2022-04-27T22:59:35","slug":"curso-taller-de-actualizacion-en-materia-de-coordinacion-operativa-en-el-sistema-de-justicia-penal-para-instituciones-de-seguridad-publica","status":"publish","type":"product","link":"https:\/\/aiprod.net\/tiendaaiprod\/producto\/curso-taller-de-actualizacion-en-materia-de-coordinacion-operativa-en-el-sistema-de-justicia-penal-para-instituciones-de-seguridad-publica\/","title":{"rendered":"Curso Taller de Actualizaci\u00f3n en Materia de Coordinaci\u00f3n Operativa en el Sistema de Justicia Penal para Instituciones de Seguridad P\u00fablica"},"content":{"rendered":"<p><strong>Objetivo<\/strong><\/p>\n<p>Dotar a las polic\u00edas de los conocimientos e instrumentos necesarios para adecuar sus funciones y actividades dentro del procedimiento penal acusatorio, con base en las exigencias que plantea el propio sistema y acorde a lo dispuesto en el C\u00f3digo Nacional de Procedimientos Penales. Por lo tanto, los contenidos tem\u00e1ticos desarrollados s\u00f3lo se enfocan a las actividades realizadas dentro de los dos momentos cr\u00edticos ya identificados en su intervenci\u00f3n como polic\u00edas, as\u00ed como aquellos actos de investigaci\u00f3n a solicitud del ministerio p\u00fablico dentro del procedimiento penal acusatorio<\/p>\n","protected":false},"excerpt":{"rendered":"<p>135 horas<\/p>\n","protected":false},"featured_media":377,"comment_status":"open","ping_status":"closed","template":"","meta":{"site-sidebar-layout":"default","site-content-layout":"default","ast-main-header-display":"","ast-hfb-above-header-display":"","ast-hfb-below-header-display":"","ast-hfb-mobile-header-display":"","site-post-title":"","ast-breadcrumbs-content":"","ast-featured-img":"","footer-sml-layout":"","theme-transparent-header-meta":"default","adv-header-id-meta":"","stick-header-meta":"default","header-above-stick-meta":"","header-main-stick-meta":"","header-below-stick-meta":""},"product_cat":[26,27],"product_tag":[],"_links":{"self":[{"href":"https:\/\/aiprod.net\/tiendaaiprod\/wp-json\/wp\/v2\/product\/170"}],"collection":[{"href":"https:\/\/aiprod.net\/tiendaaiprod\/wp-json\/wp\/v2\/product"}],"about":[{"href":"https:\/\/aiprod.net\/tiendaaiprod\/wp-json\/wp\/v2\/types\/product"}],"replies":[{"embeddable":true,"href":"https:\/\/aiprod.net\/tiendaaiprod\/wp-json\/wp\/v2\/comments?post=170"}],"wp:featuredmedia":[{"embeddable":true,"href":"https:\/\/aiprod.net\/tiendaaiprod\/wp-json\/wp\/v2\/media\/377"}],"wp:attachment":[{"href":"https:\/\/aiprod.net\/tiendaaiprod\/wp-json\/wp\/v2\/media?parent=170"}],"wp:term":[{"taxonomy":"product_cat","embeddable":true,"href":"https:\/\/aiprod.net\/tiendaaiprod\/wp-json\/wp\/v2\/product_cat?post=170"},{"taxonomy":"product_tag","embeddable":true,"href":"https:\/\/aiprod.net\/tiendaaiprod\/wp-json\/wp\/v2\/product_tag?post=170"}],"curies":[{"name":"wp","href":"https:\/\/api.w.org\/{rel}","templated":true}]}}