{"id":167,"date":"2022-04-18T18:21:36","date_gmt":"2022-04-18T18:21:36","guid":{"rendered":"https:\/\/aiprod.net\/tiendaaiprod\/?post_type=product&#038;p=167"},"modified":"2022-04-27T22:50:14","modified_gmt":"2022-04-27T22:50:14","slug":"curso-de-actualizacion-taller-de-la-funcion-policial-y-su-eficacia-en-los-primeros-actos-de-investigacion","status":"publish","type":"product","link":"https:\/\/aiprod.net\/tiendaaiprod\/producto\/curso-de-actualizacion-taller-de-la-funcion-policial-y-su-eficacia-en-los-primeros-actos-de-investigacion\/","title":{"rendered":"Curso de actualizaci\u00f3n Taller de la Funci\u00f3n Policial y su Eficacia en los Primeros Actos de Investigaci\u00f3n"},"content":{"rendered":"<p><strong>Objetivo<\/strong><\/p>\n<p>Introducir a la actividad policial de la Polic\u00eda Preventiva, la adecuada y \u00e9tica redacci\u00f3n de los anexos contemplados en los protocolos nacionales de actuaci\u00f3n, con una perspectiva de respeto irrestricto a los derechos humanos, principalmente a la dignidad humana convertida en el valor supremo a proteger. Internalizar, sobre todo, que la funci\u00f3n del polic\u00eda de investigaciones contribuye y est\u00e1 obligada al cumplimiento de los fines del proceso penal tendientes al esclarecimiento de los hechos, proteger al inocente, procurar que el culpable no quede impune y que los da\u00f1os causados por el delito se reparen, de ah\u00ed la importancia que tienen las primeras actuaciones policiales que integran la carpeta de investigaci\u00f3n<\/p>\n","protected":false},"excerpt":{"rendered":"<p>30 horas<\/p>\n","protected":false},"featured_media":372,"comment_status":"open","ping_status":"closed","template":"","meta":{"site-sidebar-layout":"default","site-content-layout":"default","ast-main-header-display":"","ast-hfb-above-header-display":"","ast-hfb-below-header-display":"","ast-hfb-mobile-header-display":"","site-post-title":"","ast-breadcrumbs-content":"","ast-featured-img":"","footer-sml-layout":"","theme-transparent-header-meta":"default","adv-header-id-meta":"","stick-header-meta":"default","header-above-stick-meta":"","header-main-stick-meta":"","header-below-stick-meta":""},"product_cat":[26,27],"product_tag":[],"_links":{"self":[{"href":"https:\/\/aiprod.net\/tiendaaiprod\/wp-json\/wp\/v2\/product\/167"}],"collection":[{"href":"https:\/\/aiprod.net\/tiendaaiprod\/wp-json\/wp\/v2\/product"}],"about":[{"href":"https:\/\/aiprod.net\/tiendaaiprod\/wp-json\/wp\/v2\/types\/product"}],"replies":[{"embeddable":true,"href":"https:\/\/aiprod.net\/tiendaaiprod\/wp-json\/wp\/v2\/comments?post=167"}],"wp:featuredmedia":[{"embeddable":true,"href":"https:\/\/aiprod.net\/tiendaaiprod\/wp-json\/wp\/v2\/media\/372"}],"wp:attachment":[{"href":"https:\/\/aiprod.net\/tiendaaiprod\/wp-json\/wp\/v2\/media?parent=167"}],"wp:term":[{"taxonomy":"product_cat","embeddable":true,"href":"https:\/\/aiprod.net\/tiendaaiprod\/wp-json\/wp\/v2\/product_cat?post=167"},{"taxonomy":"product_tag","embeddable":true,"href":"https:\/\/aiprod.net\/tiendaaiprod\/wp-json\/wp\/v2\/product_tag?post=167"}],"curies":[{"name":"wp","href":"https:\/\/api.w.org\/{rel}","templated":true}]}}