{"id":165,"date":"2022-04-18T18:19:38","date_gmt":"2022-04-18T18:19:38","guid":{"rendered":"https:\/\/aiprod.net\/tiendaaiprod\/?post_type=product&#038;p=165"},"modified":"2022-04-27T19:48:39","modified_gmt":"2022-04-27T19:48:39","slug":"curso-de-actualizacion-taller-de-analisis-de-informacion-a-traves-de-las-redes","status":"publish","type":"product","link":"https:\/\/aiprod.net\/tiendaaiprod\/producto\/curso-de-actualizacion-taller-de-analisis-de-informacion-a-traves-de-las-redes\/","title":{"rendered":"Curso de actualizaci\u00f3n Taller de An\u00e1lisis de Informaci\u00f3n a trav\u00e9s de las Redes"},"content":{"rendered":"<p><strong>Objetivo<\/strong><\/p>\n<p>Utilizar de manera eficiente internet como fuente de informaci\u00f3n para identificar datos \u00fatiles en la b\u00fasqueda de informaci\u00f3n, en el marco de una investigaci\u00f3n penal, en coordinaci\u00f3n con la Polic\u00eda y en auxilio del Ministerio P\u00fablico<\/p>\n","protected":false},"excerpt":{"rendered":"<p>90 horas<\/p>\n","protected":false},"featured_media":366,"comment_status":"open","ping_status":"closed","template":"","meta":{"site-sidebar-layout":"default","site-content-layout":"default","ast-main-header-display":"","ast-hfb-above-header-display":"","ast-hfb-below-header-display":"","ast-hfb-mobile-header-display":"","site-post-title":"","ast-breadcrumbs-content":"","ast-featured-img":"","footer-sml-layout":"","theme-transparent-header-meta":"default","adv-header-id-meta":"","stick-header-meta":"default","header-above-stick-meta":"","header-main-stick-meta":"","header-below-stick-meta":""},"product_cat":[26,27],"product_tag":[],"_links":{"self":[{"href":"https:\/\/aiprod.net\/tiendaaiprod\/wp-json\/wp\/v2\/product\/165"}],"collection":[{"href":"https:\/\/aiprod.net\/tiendaaiprod\/wp-json\/wp\/v2\/product"}],"about":[{"href":"https:\/\/aiprod.net\/tiendaaiprod\/wp-json\/wp\/v2\/types\/product"}],"replies":[{"embeddable":true,"href":"https:\/\/aiprod.net\/tiendaaiprod\/wp-json\/wp\/v2\/comments?post=165"}],"wp:featuredmedia":[{"embeddable":true,"href":"https:\/\/aiprod.net\/tiendaaiprod\/wp-json\/wp\/v2\/media\/366"}],"wp:attachment":[{"href":"https:\/\/aiprod.net\/tiendaaiprod\/wp-json\/wp\/v2\/media?parent=165"}],"wp:term":[{"taxonomy":"product_cat","embeddable":true,"href":"https:\/\/aiprod.net\/tiendaaiprod\/wp-json\/wp\/v2\/product_cat?post=165"},{"taxonomy":"product_tag","embeddable":true,"href":"https:\/\/aiprod.net\/tiendaaiprod\/wp-json\/wp\/v2\/product_tag?post=165"}],"curies":[{"name":"wp","href":"https:\/\/api.w.org\/{rel}","templated":true}]}}