{"id":161,"date":"2022-04-18T17:42:42","date_gmt":"2022-04-18T17:42:42","guid":{"rendered":"https:\/\/aiprod.net\/tiendaaiprod\/?post_type=product&#038;p=161"},"modified":"2025-05-27T12:13:35","modified_gmt":"2025-05-27T12:13:35","slug":"curso-de-actualizacion-de-la-ley-nacional-de-ejecucion-penal-para-personal-penitenciario","status":"publish","type":"product","link":"https:\/\/aiprod.net\/tiendaaiprod\/producto\/curso-de-actualizacion-de-la-ley-nacional-de-ejecucion-penal-para-personal-penitenciario\/","title":{"rendered":"Curso de actualizaci\u00f3n de la Ley Nacional de Ejecuci\u00f3n Penal para personal penitenciario"},"content":{"rendered":"<p><strong>Objetivo<\/strong><\/p>\n<p>Transformar\u00e1n la concepci\u00f3n de la funci\u00f3n penitenciaria con base en los preceptos de la Ley Nacional de Ejecuci\u00f3n Penal<\/p>\n","protected":false},"excerpt":{"rendered":"<p>50 horas<\/p>\n","protected":false},"featured_media":347,"comment_status":"open","ping_status":"closed","template":"","meta":{"site-sidebar-layout":"default","site-content-layout":"default","ast-main-header-display":"","ast-hfb-above-header-display":"","ast-hfb-below-header-display":"","ast-hfb-mobile-header-display":"","site-post-title":"","ast-breadcrumbs-content":"","ast-featured-img":"","footer-sml-layout":"","theme-transparent-header-meta":"default","adv-header-id-meta":"","stick-header-meta":"default","header-above-stick-meta":"","header-main-stick-meta":"","header-below-stick-meta":""},"product_cat":[26,24],"product_tag":[],"_links":{"self":[{"href":"https:\/\/aiprod.net\/tiendaaiprod\/wp-json\/wp\/v2\/product\/161"}],"collection":[{"href":"https:\/\/aiprod.net\/tiendaaiprod\/wp-json\/wp\/v2\/product"}],"about":[{"href":"https:\/\/aiprod.net\/tiendaaiprod\/wp-json\/wp\/v2\/types\/product"}],"replies":[{"embeddable":true,"href":"https:\/\/aiprod.net\/tiendaaiprod\/wp-json\/wp\/v2\/comments?post=161"}],"wp:featuredmedia":[{"embeddable":true,"href":"https:\/\/aiprod.net\/tiendaaiprod\/wp-json\/wp\/v2\/media\/347"}],"wp:attachment":[{"href":"https:\/\/aiprod.net\/tiendaaiprod\/wp-json\/wp\/v2\/media?parent=161"}],"wp:term":[{"taxonomy":"product_cat","embeddable":true,"href":"https:\/\/aiprod.net\/tiendaaiprod\/wp-json\/wp\/v2\/product_cat?post=161"},{"taxonomy":"product_tag","embeddable":true,"href":"https:\/\/aiprod.net\/tiendaaiprod\/wp-json\/wp\/v2\/product_tag?post=161"}],"curies":[{"name":"wp","href":"https:\/\/api.w.org\/{rel}","templated":true}]}}