{"id":160,"date":"2022-04-18T17:12:34","date_gmt":"2022-04-18T17:12:34","guid":{"rendered":"https:\/\/aiprod.net\/tiendaaiprod\/?post_type=product&#038;p=160"},"modified":"2022-04-27T17:02:41","modified_gmt":"2022-04-27T17:02:41","slug":"curso-de-actualizacion-introduccion-a-las-metodologias-de-investigacion-cuantitativa-y-cualitativa-en-materia-de-seguridad-publica","status":"publish","type":"product","link":"https:\/\/aiprod.net\/tiendaaiprod\/producto\/curso-de-actualizacion-introduccion-a-las-metodologias-de-investigacion-cuantitativa-y-cualitativa-en-materia-de-seguridad-publica\/","title":{"rendered":"Curso de actualizaci\u00f3n Introducci\u00f3n a las Metodolog\u00edas de Investigaci\u00f3n Cuantitativa y Cualitativa en Materia de Seguridad P\u00fablica"},"content":{"rendered":"<p><strong>Objetivo<\/strong><\/p>\n<p>Desarrollar capacidades de gesti\u00f3n y an\u00e1lisis de informaci\u00f3n en las instituciones de seguridad p\u00fablica locales, a trav\u00e9s de la ense\u00f1anza de las metodolog\u00edas de investigaci\u00f3n cuantitativas y cualitativas, con la finalidad de dise\u00f1ar, implementar y evaluar intervenciones policiales basadas en la evidencia<\/p>\n","protected":false},"excerpt":{"rendered":"<p>40 horas<\/p>\n","protected":false},"featured_media":334,"comment_status":"open","ping_status":"closed","template":"","meta":{"site-sidebar-layout":"default","site-content-layout":"default","ast-main-header-display":"","ast-hfb-above-header-display":"","ast-hfb-below-header-display":"","ast-hfb-mobile-header-display":"","site-post-title":"","ast-breadcrumbs-content":"","ast-featured-img":"","footer-sml-layout":"","theme-transparent-header-meta":"default","adv-header-id-meta":"","stick-header-meta":"default","header-above-stick-meta":"","header-main-stick-meta":"","header-below-stick-meta":""},"product_cat":[26,23],"product_tag":[],"_links":{"self":[{"href":"https:\/\/aiprod.net\/tiendaaiprod\/wp-json\/wp\/v2\/product\/160"}],"collection":[{"href":"https:\/\/aiprod.net\/tiendaaiprod\/wp-json\/wp\/v2\/product"}],"about":[{"href":"https:\/\/aiprod.net\/tiendaaiprod\/wp-json\/wp\/v2\/types\/product"}],"replies":[{"embeddable":true,"href":"https:\/\/aiprod.net\/tiendaaiprod\/wp-json\/wp\/v2\/comments?post=160"}],"wp:featuredmedia":[{"embeddable":true,"href":"https:\/\/aiprod.net\/tiendaaiprod\/wp-json\/wp\/v2\/media\/334"}],"wp:attachment":[{"href":"https:\/\/aiprod.net\/tiendaaiprod\/wp-json\/wp\/v2\/media?parent=160"}],"wp:term":[{"taxonomy":"product_cat","embeddable":true,"href":"https:\/\/aiprod.net\/tiendaaiprod\/wp-json\/wp\/v2\/product_cat?post=160"},{"taxonomy":"product_tag","embeddable":true,"href":"https:\/\/aiprod.net\/tiendaaiprod\/wp-json\/wp\/v2\/product_tag?post=160"}],"curies":[{"name":"wp","href":"https:\/\/api.w.org\/{rel}","templated":true}]}}