{"id":156,"date":"2022-04-18T16:52:18","date_gmt":"2022-04-18T16:52:18","guid":{"rendered":"https:\/\/aiprod.net\/tiendaaiprod\/?post_type=product&#038;p=156"},"modified":"2022-04-27T18:08:09","modified_gmt":"2022-04-27T18:08:09","slug":"programa-de-formacion-inicial-para-guias-tecnicos-en-el-sistema-integral-de-justicia-penal-para-adolescentes","status":"publish","type":"product","link":"https:\/\/aiprod.net\/tiendaaiprod\/producto\/programa-de-formacion-inicial-para-guias-tecnicos-en-el-sistema-integral-de-justicia-penal-para-adolescentes\/","title":{"rendered":"Programa de formaci\u00f3n inicial para Gu\u00edas T\u00e9cnicos en el Sistema Integral de Justicia Penal para Adolescentes"},"content":{"rendered":"<p><strong>Objetivo<\/strong><\/p>\n<p>Capacitar a los Gu\u00edas T\u00e9cnicos del Sistema Integral de Justicia Penal para Adolescentes en lo que se refiere a la implementaci\u00f3n del sistema de justicia penal que les compete, a fin de que adquieran los conocimientos necesarios de car\u00e1cter institucional para dar acompa\u00f1amiento al proceso judicial en todas sus fases<\/p>\n","protected":false},"excerpt":{"rendered":"<p>490 horas<\/p>\n","protected":false},"featured_media":349,"comment_status":"open","ping_status":"closed","template":"","meta":{"site-sidebar-layout":"default","site-content-layout":"default","ast-main-header-display":"","ast-hfb-above-header-display":"","ast-hfb-below-header-display":"","ast-hfb-mobile-header-display":"","site-post-title":"","ast-breadcrumbs-content":"","ast-featured-img":"","footer-sml-layout":"","theme-transparent-header-meta":"default","adv-header-id-meta":"","stick-header-meta":"default","header-above-stick-meta":"","header-main-stick-meta":"","header-below-stick-meta":""},"product_cat":[24],"product_tag":[],"_links":{"self":[{"href":"https:\/\/aiprod.net\/tiendaaiprod\/wp-json\/wp\/v2\/product\/156"}],"collection":[{"href":"https:\/\/aiprod.net\/tiendaaiprod\/wp-json\/wp\/v2\/product"}],"about":[{"href":"https:\/\/aiprod.net\/tiendaaiprod\/wp-json\/wp\/v2\/types\/product"}],"replies":[{"embeddable":true,"href":"https:\/\/aiprod.net\/tiendaaiprod\/wp-json\/wp\/v2\/comments?post=156"}],"wp:featuredmedia":[{"embeddable":true,"href":"https:\/\/aiprod.net\/tiendaaiprod\/wp-json\/wp\/v2\/media\/349"}],"wp:attachment":[{"href":"https:\/\/aiprod.net\/tiendaaiprod\/wp-json\/wp\/v2\/media?parent=156"}],"wp:term":[{"taxonomy":"product_cat","embeddable":true,"href":"https:\/\/aiprod.net\/tiendaaiprod\/wp-json\/wp\/v2\/product_cat?post=156"},{"taxonomy":"product_tag","embeddable":true,"href":"https:\/\/aiprod.net\/tiendaaiprod\/wp-json\/wp\/v2\/product_tag?post=156"}],"curies":[{"name":"wp","href":"https:\/\/api.w.org\/{rel}","templated":true}]}}