{"id":153,"date":"2022-04-18T16:49:39","date_gmt":"2022-04-18T16:49:39","guid":{"rendered":"https:\/\/aiprod.net\/tiendaaiprod\/?post_type=product&#038;p=153"},"modified":"2022-04-27T18:53:51","modified_gmt":"2022-04-27T18:53:51","slug":"programa-de-formacion-inicial-del-sistema-penitenciario-para-el-perfil-juridico","status":"publish","type":"product","link":"https:\/\/aiprod.net\/tiendaaiprod\/producto\/programa-de-formacion-inicial-del-sistema-penitenciario-para-el-perfil-juridico\/","title":{"rendered":"Programa de formaci\u00f3n inicial del sistema penitenciario para el Perfil Jur\u00eddico."},"content":{"rendered":"<p><strong>Objetivo<\/strong><\/p>\n<p>Los aspirantes recibir\u00e1n una formaci\u00f3n inicial que asegure la adquisici\u00f3n de conocimientos y el desarrollo de habilidades f\u00edsicas, cognoscitivas e integrales, congruentes con las funciones del \u00e1rea jur\u00eddica, tales como: los procesos de ingreso y egreso, manejo y procesamiento de informaci\u00f3n, integraci\u00f3n, an\u00e1lisis y conformaci\u00f3n de expediente \u00fanico, registro y seguimiento procesal de la situaci\u00f3n jur\u00eddica de la poblaci\u00f3n, atenci\u00f3n y orientaci\u00f3n jur\u00eddica de las personas privadas de la libertad y sus familiares. Atender\u00e1 las solicitudes de informaci\u00f3n orientando en materia de Trasparencia a las dem\u00e1s \u00e1reas del Centro, con estricto apego a los principios constitucionales de legalidad, objetividad, eficiencia, profesionalismo, honradez y respeto a los derechos humanos<\/p>\n","protected":false},"excerpt":{"rendered":"<p>440 horas<\/p>\n","protected":false},"featured_media":354,"comment_status":"open","ping_status":"closed","template":"","meta":{"site-sidebar-layout":"default","site-content-layout":"default","ast-main-header-display":"","ast-hfb-above-header-display":"","ast-hfb-below-header-display":"","ast-hfb-mobile-header-display":"","site-post-title":"","ast-breadcrumbs-content":"","ast-featured-img":"","footer-sml-layout":"","theme-transparent-header-meta":"default","adv-header-id-meta":"","stick-header-meta":"default","header-above-stick-meta":"","header-main-stick-meta":"","header-below-stick-meta":""},"product_cat":[24],"product_tag":[],"_links":{"self":[{"href":"https:\/\/aiprod.net\/tiendaaiprod\/wp-json\/wp\/v2\/product\/153"}],"collection":[{"href":"https:\/\/aiprod.net\/tiendaaiprod\/wp-json\/wp\/v2\/product"}],"about":[{"href":"https:\/\/aiprod.net\/tiendaaiprod\/wp-json\/wp\/v2\/types\/product"}],"replies":[{"embeddable":true,"href":"https:\/\/aiprod.net\/tiendaaiprod\/wp-json\/wp\/v2\/comments?post=153"}],"wp:featuredmedia":[{"embeddable":true,"href":"https:\/\/aiprod.net\/tiendaaiprod\/wp-json\/wp\/v2\/media\/354"}],"wp:attachment":[{"href":"https:\/\/aiprod.net\/tiendaaiprod\/wp-json\/wp\/v2\/media?parent=153"}],"wp:term":[{"taxonomy":"product_cat","embeddable":true,"href":"https:\/\/aiprod.net\/tiendaaiprod\/wp-json\/wp\/v2\/product_cat?post=153"},{"taxonomy":"product_tag","embeddable":true,"href":"https:\/\/aiprod.net\/tiendaaiprod\/wp-json\/wp\/v2\/product_tag?post=153"}],"curies":[{"name":"wp","href":"https:\/\/api.w.org\/{rel}","templated":true}]}}