{"id":150,"date":"2022-04-18T16:31:57","date_gmt":"2022-04-18T16:31:57","guid":{"rendered":"https:\/\/aiprod.net\/tiendaaiprod\/?post_type=product&#038;p=150"},"modified":"2022-04-27T17:15:54","modified_gmt":"2022-04-27T17:15:54","slug":"programa-de-formacion-inicial-para-policia-de-proteccion-federal","status":"publish","type":"product","link":"https:\/\/aiprod.net\/tiendaaiprod\/producto\/programa-de-formacion-inicial-para-policia-de-proteccion-federal\/","title":{"rendered":"Programa de formaci\u00f3n inicial para Polic\u00eda de Protecci\u00f3n Federal"},"content":{"rendered":"<p><strong>Objetivo<\/strong><\/p>\n<p>Formar a los fututos polic\u00edas mediante la adquisici\u00f3n de conocimientos, t\u00e9cnicas, t\u00e1cticas y habilidades que les permitan responder de manera eficiente en su actuaci\u00f3n<\/p>\n","protected":false},"excerpt":{"rendered":"<p>610 horas<\/p>\n","protected":false},"featured_media":342,"comment_status":"open","ping_status":"closed","template":"","meta":{"site-sidebar-layout":"default","site-content-layout":"default","ast-main-header-display":"","ast-hfb-above-header-display":"","ast-hfb-below-header-display":"","ast-hfb-mobile-header-display":"","site-post-title":"","ast-breadcrumbs-content":"","ast-featured-img":"","footer-sml-layout":"","theme-transparent-header-meta":"default","adv-header-id-meta":"","stick-header-meta":"default","header-above-stick-meta":"","header-main-stick-meta":"","header-below-stick-meta":""},"product_cat":[23],"product_tag":[],"_links":{"self":[{"href":"https:\/\/aiprod.net\/tiendaaiprod\/wp-json\/wp\/v2\/product\/150"}],"collection":[{"href":"https:\/\/aiprod.net\/tiendaaiprod\/wp-json\/wp\/v2\/product"}],"about":[{"href":"https:\/\/aiprod.net\/tiendaaiprod\/wp-json\/wp\/v2\/types\/product"}],"replies":[{"embeddable":true,"href":"https:\/\/aiprod.net\/tiendaaiprod\/wp-json\/wp\/v2\/comments?post=150"}],"wp:featuredmedia":[{"embeddable":true,"href":"https:\/\/aiprod.net\/tiendaaiprod\/wp-json\/wp\/v2\/media\/342"}],"wp:attachment":[{"href":"https:\/\/aiprod.net\/tiendaaiprod\/wp-json\/wp\/v2\/media?parent=150"}],"wp:term":[{"taxonomy":"product_cat","embeddable":true,"href":"https:\/\/aiprod.net\/tiendaaiprod\/wp-json\/wp\/v2\/product_cat?post=150"},{"taxonomy":"product_tag","embeddable":true,"href":"https:\/\/aiprod.net\/tiendaaiprod\/wp-json\/wp\/v2\/product_tag?post=150"}],"curies":[{"name":"wp","href":"https:\/\/api.w.org\/{rel}","templated":true}]}}