{"id":148,"date":"2022-04-12T22:08:31","date_gmt":"2022-04-12T22:08:31","guid":{"rendered":"https:\/\/aiprod.net\/tiendaaiprod\/?post_type=product&#038;p=148"},"modified":"2025-08-23T19:06:15","modified_gmt":"2025-08-23T19:06:15","slug":"desaparicion-forzada-y-desaparicion-cometida-por-particulares-busqueda","status":"publish","type":"product","link":"https:\/\/aiprod.net\/tiendaaiprod\/producto\/desaparicion-forzada-y-desaparicion-cometida-por-particulares-busqueda\/","title":{"rendered":"Desaparici\u00f3n Forzada y desaparici\u00f3n cometida por particulares (B\u00fasqueda)"},"content":{"rendered":"<p><strong>Objetivo<\/strong><\/p>\n<p>Proporcionar capacitaci\u00f3n y certificaci\u00f3n en materia de b\u00fasqueda de personas no localizadas y en la coadyuvancia de la investigaci\u00f3n de personas desaparecidas<\/p>\n","protected":false},"excerpt":{"rendered":"<p>120 horas<\/p>\n","protected":false},"featured_media":323,"comment_status":"open","ping_status":"closed","template":"","meta":{"site-sidebar-layout":"default","site-content-layout":"default","ast-main-header-display":"","ast-hfb-above-header-display":"","ast-hfb-below-header-display":"","ast-hfb-mobile-header-display":"","site-post-title":"","ast-breadcrumbs-content":"","ast-featured-img":"","footer-sml-layout":"","theme-transparent-header-meta":"default","adv-header-id-meta":"","stick-header-meta":"default","header-above-stick-meta":"","header-main-stick-meta":"","header-below-stick-meta":""},"product_cat":[21],"product_tag":[],"_links":{"self":[{"href":"https:\/\/aiprod.net\/tiendaaiprod\/wp-json\/wp\/v2\/product\/148"}],"collection":[{"href":"https:\/\/aiprod.net\/tiendaaiprod\/wp-json\/wp\/v2\/product"}],"about":[{"href":"https:\/\/aiprod.net\/tiendaaiprod\/wp-json\/wp\/v2\/types\/product"}],"replies":[{"embeddable":true,"href":"https:\/\/aiprod.net\/tiendaaiprod\/wp-json\/wp\/v2\/comments?post=148"}],"wp:featuredmedia":[{"embeddable":true,"href":"https:\/\/aiprod.net\/tiendaaiprod\/wp-json\/wp\/v2\/media\/323"}],"wp:attachment":[{"href":"https:\/\/aiprod.net\/tiendaaiprod\/wp-json\/wp\/v2\/media?parent=148"}],"wp:term":[{"taxonomy":"product_cat","embeddable":true,"href":"https:\/\/aiprod.net\/tiendaaiprod\/wp-json\/wp\/v2\/product_cat?post=148"},{"taxonomy":"product_tag","embeddable":true,"href":"https:\/\/aiprod.net\/tiendaaiprod\/wp-json\/wp\/v2\/product_tag?post=148"}],"curies":[{"name":"wp","href":"https:\/\/api.w.org\/{rel}","templated":true}]}}