{"id":146,"date":"2022-04-12T22:06:56","date_gmt":"2022-04-12T22:06:56","guid":{"rendered":"https:\/\/aiprod.net\/tiendaaiprod\/?post_type=product&#038;p=146"},"modified":"2022-04-25T23:23:25","modified_gmt":"2022-04-25T23:23:25","slug":"entrevista-basica","status":"publish","type":"product","link":"https:\/\/aiprod.net\/tiendaaiprod\/producto\/entrevista-basica\/","title":{"rendered":"Entrevista (B\u00e1sica)"},"content":{"rendered":"<p><strong>Objetivo<\/strong><\/p>\n<p>Aplicar las t\u00e9cnicas de entrevista apropiada a denunciantes, v\u00edctimas u ofendidos y testigos presenciales de un hecho probablemente delictivo para obtener informaci\u00f3n fiable y convincente en el esclarecimiento de los hechos<\/p>\n","protected":false},"excerpt":{"rendered":"<p>40 horas<\/p>\n","protected":false},"featured_media":321,"comment_status":"open","ping_status":"closed","template":"","meta":{"site-sidebar-layout":"default","site-content-layout":"default","ast-main-header-display":"","ast-hfb-above-header-display":"","ast-hfb-below-header-display":"","ast-hfb-mobile-header-display":"","site-post-title":"","ast-breadcrumbs-content":"","ast-featured-img":"","footer-sml-layout":"","theme-transparent-header-meta":"default","adv-header-id-meta":"","stick-header-meta":"default","header-above-stick-meta":"","header-main-stick-meta":"","header-below-stick-meta":""},"product_cat":[21],"product_tag":[],"_links":{"self":[{"href":"https:\/\/aiprod.net\/tiendaaiprod\/wp-json\/wp\/v2\/product\/146"}],"collection":[{"href":"https:\/\/aiprod.net\/tiendaaiprod\/wp-json\/wp\/v2\/product"}],"about":[{"href":"https:\/\/aiprod.net\/tiendaaiprod\/wp-json\/wp\/v2\/types\/product"}],"replies":[{"embeddable":true,"href":"https:\/\/aiprod.net\/tiendaaiprod\/wp-json\/wp\/v2\/comments?post=146"}],"wp:featuredmedia":[{"embeddable":true,"href":"https:\/\/aiprod.net\/tiendaaiprod\/wp-json\/wp\/v2\/media\/321"}],"wp:attachment":[{"href":"https:\/\/aiprod.net\/tiendaaiprod\/wp-json\/wp\/v2\/media?parent=146"}],"wp:term":[{"taxonomy":"product_cat","embeddable":true,"href":"https:\/\/aiprod.net\/tiendaaiprod\/wp-json\/wp\/v2\/product_cat?post=146"},{"taxonomy":"product_tag","embeddable":true,"href":"https:\/\/aiprod.net\/tiendaaiprod\/wp-json\/wp\/v2\/product_tag?post=146"}],"curies":[{"name":"wp","href":"https:\/\/api.w.org\/{rel}","templated":true}]}}