{"id":143,"date":"2022-04-12T22:04:36","date_gmt":"2022-04-12T22:04:36","guid":{"rendered":"https:\/\/aiprod.net\/tiendaaiprod\/?post_type=product&#038;p=143"},"modified":"2022-04-25T22:51:28","modified_gmt":"2022-04-25T22:51:28","slug":"guia-nacional-de-cadena-de-custodia","status":"publish","type":"product","link":"https:\/\/aiprod.net\/tiendaaiprod\/producto\/guia-nacional-de-cadena-de-custodia\/","title":{"rendered":"Gu\u00eda Nacional de Cadena de Custodia"},"content":{"rendered":"<p><strong>Objetivo<\/strong><\/p>\n<p>Aplicar los procedimientos de la Gu\u00eda Nacional de Cadena de Custodia en la actuaci\u00f3n de las polic\u00edas, peritos y todo servidor p\u00fablico que tenga contacto con el indicio, evidencia, objeto, instrumento o producto del hecho delictivo, para dar certeza jur\u00eddica y garantizar la mismidad, autenticidad e integridad de los mismos<\/p>\n","protected":false},"excerpt":{"rendered":"<p>80 horas<\/p>\n","protected":false},"featured_media":315,"comment_status":"open","ping_status":"closed","template":"","meta":{"site-sidebar-layout":"default","site-content-layout":"default","ast-main-header-display":"","ast-hfb-above-header-display":"","ast-hfb-below-header-display":"","ast-hfb-mobile-header-display":"","site-post-title":"","ast-breadcrumbs-content":"","ast-featured-img":"","footer-sml-layout":"","theme-transparent-header-meta":"default","adv-header-id-meta":"","stick-header-meta":"default","header-above-stick-meta":"","header-main-stick-meta":"","header-below-stick-meta":""},"product_cat":[21],"product_tag":[],"_links":{"self":[{"href":"https:\/\/aiprod.net\/tiendaaiprod\/wp-json\/wp\/v2\/product\/143"}],"collection":[{"href":"https:\/\/aiprod.net\/tiendaaiprod\/wp-json\/wp\/v2\/product"}],"about":[{"href":"https:\/\/aiprod.net\/tiendaaiprod\/wp-json\/wp\/v2\/types\/product"}],"replies":[{"embeddable":true,"href":"https:\/\/aiprod.net\/tiendaaiprod\/wp-json\/wp\/v2\/comments?post=143"}],"wp:featuredmedia":[{"embeddable":true,"href":"https:\/\/aiprod.net\/tiendaaiprod\/wp-json\/wp\/v2\/media\/315"}],"wp:attachment":[{"href":"https:\/\/aiprod.net\/tiendaaiprod\/wp-json\/wp\/v2\/media?parent=143"}],"wp:term":[{"taxonomy":"product_cat","embeddable":true,"href":"https:\/\/aiprod.net\/tiendaaiprod\/wp-json\/wp\/v2\/product_cat?post=143"},{"taxonomy":"product_tag","embeddable":true,"href":"https:\/\/aiprod.net\/tiendaaiprod\/wp-json\/wp\/v2\/product_tag?post=143"}],"curies":[{"name":"wp","href":"https:\/\/api.w.org\/{rel}","templated":true}]}}