{"id":138,"date":"2022-04-12T22:00:53","date_gmt":"2022-04-12T22:00:53","guid":{"rendered":"https:\/\/aiprod.net\/tiendaaiprod\/?post_type=product&#038;p=138"},"modified":"2022-05-02T16:38:42","modified_gmt":"2022-05-02T16:38:42","slug":"investigacion-criminal-conjunta-policia-de-investigacion-policia-preventivo-t3-sesnsp-acreditacion","status":"publish","type":"product","link":"https:\/\/aiprod.net\/tiendaaiprod\/producto\/investigacion-criminal-conjunta-policia-de-investigacion-policia-preventivo-t3-sesnsp-acreditacion\/","title":{"rendered":"Investigaci\u00f3n Criminal Conjunta: Polic\u00eda de Investigaci\u00f3n &#8211; Polic\u00eda Preventivo"},"content":{"rendered":"<p><strong>Objetivo<\/strong><\/p>\n<p>Adquirir los conocimientos te\u00f3ricos \u2013 pr\u00e1cticos relacionados con las acciones procesales tendientes al desarrollo de actividades de investigaci\u00f3n coordinadas para la realizaci\u00f3n de eficientes investigaciones<\/p>\n","protected":false},"excerpt":{"rendered":"<p>40 horas<\/p>\n<p><strong>T3 SESNSP Acreditaci\u00f3n<\/strong><\/p>\n","protected":false},"featured_media":400,"comment_status":"open","ping_status":"closed","template":"","meta":{"site-sidebar-layout":"default","site-content-layout":"default","ast-main-header-display":"","ast-hfb-above-header-display":"","ast-hfb-below-header-display":"","ast-hfb-mobile-header-display":"","site-post-title":"","ast-breadcrumbs-content":"","ast-featured-img":"","footer-sml-layout":"","theme-transparent-header-meta":"default","adv-header-id-meta":"","stick-header-meta":"default","header-above-stick-meta":"","header-main-stick-meta":"","header-below-stick-meta":""},"product_cat":[22],"product_tag":[],"_links":{"self":[{"href":"https:\/\/aiprod.net\/tiendaaiprod\/wp-json\/wp\/v2\/product\/138"}],"collection":[{"href":"https:\/\/aiprod.net\/tiendaaiprod\/wp-json\/wp\/v2\/product"}],"about":[{"href":"https:\/\/aiprod.net\/tiendaaiprod\/wp-json\/wp\/v2\/types\/product"}],"replies":[{"embeddable":true,"href":"https:\/\/aiprod.net\/tiendaaiprod\/wp-json\/wp\/v2\/comments?post=138"}],"wp:featuredmedia":[{"embeddable":true,"href":"https:\/\/aiprod.net\/tiendaaiprod\/wp-json\/wp\/v2\/media\/400"}],"wp:attachment":[{"href":"https:\/\/aiprod.net\/tiendaaiprod\/wp-json\/wp\/v2\/media?parent=138"}],"wp:term":[{"taxonomy":"product_cat","embeddable":true,"href":"https:\/\/aiprod.net\/tiendaaiprod\/wp-json\/wp\/v2\/product_cat?post=138"},{"taxonomy":"product_tag","embeddable":true,"href":"https:\/\/aiprod.net\/tiendaaiprod\/wp-json\/wp\/v2\/product_tag?post=138"}],"curies":[{"name":"wp","href":"https:\/\/api.w.org\/{rel}","templated":true}]}}