{"id":137,"date":"2022-04-12T22:00:18","date_gmt":"2022-04-12T22:00:18","guid":{"rendered":"https:\/\/aiprod.net\/tiendaaiprod\/?post_type=product&#038;p=137"},"modified":"2022-05-02T16:32:28","modified_gmt":"2022-05-02T16:32:28","slug":"la-funcion-policial-y-su-eficacia-en-los-primeros-actos-de-investigacion-t2-sesnsp-acreditacion","status":"publish","type":"product","link":"https:\/\/aiprod.net\/tiendaaiprod\/producto\/la-funcion-policial-y-su-eficacia-en-los-primeros-actos-de-investigacion-t2-sesnsp-acreditacion\/","title":{"rendered":"La funci\u00f3n policial y su eficacia en los primeros actos de investigaci\u00f3n"},"content":{"rendered":"<p><strong>Objetivo<\/strong><\/p>\n<p>Identificar y aplicar los conocimientos te\u00f3rico pr\u00e1cticos dirigidos al desarrollo de una diversidad de actos de investigaci\u00f3n para el esclarecimiento de los hechos.<\/p>\n","protected":false},"excerpt":{"rendered":"<p>40 horas<\/p>\n<p><strong>T2 SESNSP Acreditaci\u00f3n<\/strong><\/p>\n","protected":false},"featured_media":397,"comment_status":"open","ping_status":"closed","template":"","meta":{"site-sidebar-layout":"default","site-content-layout":"default","ast-main-header-display":"","ast-hfb-above-header-display":"","ast-hfb-below-header-display":"","ast-hfb-mobile-header-display":"","site-post-title":"","ast-breadcrumbs-content":"","ast-featured-img":"","footer-sml-layout":"","theme-transparent-header-meta":"default","adv-header-id-meta":"","stick-header-meta":"default","header-above-stick-meta":"","header-main-stick-meta":"","header-below-stick-meta":""},"product_cat":[22],"product_tag":[],"_links":{"self":[{"href":"https:\/\/aiprod.net\/tiendaaiprod\/wp-json\/wp\/v2\/product\/137"}],"collection":[{"href":"https:\/\/aiprod.net\/tiendaaiprod\/wp-json\/wp\/v2\/product"}],"about":[{"href":"https:\/\/aiprod.net\/tiendaaiprod\/wp-json\/wp\/v2\/types\/product"}],"replies":[{"embeddable":true,"href":"https:\/\/aiprod.net\/tiendaaiprod\/wp-json\/wp\/v2\/comments?post=137"}],"wp:featuredmedia":[{"embeddable":true,"href":"https:\/\/aiprod.net\/tiendaaiprod\/wp-json\/wp\/v2\/media\/397"}],"wp:attachment":[{"href":"https:\/\/aiprod.net\/tiendaaiprod\/wp-json\/wp\/v2\/media?parent=137"}],"wp:term":[{"taxonomy":"product_cat","embeddable":true,"href":"https:\/\/aiprod.net\/tiendaaiprod\/wp-json\/wp\/v2\/product_cat?post=137"},{"taxonomy":"product_tag","embeddable":true,"href":"https:\/\/aiprod.net\/tiendaaiprod\/wp-json\/wp\/v2\/product_tag?post=137"}],"curies":[{"name":"wp","href":"https:\/\/api.w.org\/{rel}","templated":true}]}}