{"id":136,"date":"2022-04-12T21:59:34","date_gmt":"2022-04-12T21:59:34","guid":{"rendered":"https:\/\/aiprod.net\/tiendaaiprod\/?post_type=product&#038;p=136"},"modified":"2022-05-02T16:30:10","modified_gmt":"2022-05-02T16:30:10","slug":"la-funcion-del-primer-respondiente-y-la-ciencia-forense-aplicada-al-lugar-de-los-hechos-t1-sesnsp-acreditacion-2","status":"publish","type":"product","link":"https:\/\/aiprod.net\/tiendaaiprod\/producto\/la-funcion-del-primer-respondiente-y-la-ciencia-forense-aplicada-al-lugar-de-los-hechos-t1-sesnsp-acreditacion-2\/","title":{"rendered":"La funci\u00f3n del primer respondiente y la ciencia forense aplicada al lugar de los hechos"},"content":{"rendered":"<p><strong>Objetivo<\/strong><\/p>\n<p>Aplicar una metodolog\u00eda en ciencia forense para la obtenci\u00f3n l\u00edcita de elementos de prueba en el lugar de los hechos dentro del actuar como Polic\u00eda Primer Respondiente, y que sustenten los procesos penales.<\/p>\n","protected":false},"excerpt":{"rendered":"<p>40 horas<\/p>\n<p><strong>T1 SESNSP Acreditaci\u00f3n<\/strong><\/p>\n","protected":false},"featured_media":395,"comment_status":"open","ping_status":"closed","template":"","meta":{"site-sidebar-layout":"default","site-content-layout":"default","ast-main-header-display":"","ast-hfb-above-header-display":"","ast-hfb-below-header-display":"","ast-hfb-mobile-header-display":"","site-post-title":"","ast-breadcrumbs-content":"","ast-featured-img":"","footer-sml-layout":"","theme-transparent-header-meta":"default","adv-header-id-meta":"","stick-header-meta":"default","header-above-stick-meta":"","header-main-stick-meta":"","header-below-stick-meta":""},"product_cat":[22],"product_tag":[],"_links":{"self":[{"href":"https:\/\/aiprod.net\/tiendaaiprod\/wp-json\/wp\/v2\/product\/136"}],"collection":[{"href":"https:\/\/aiprod.net\/tiendaaiprod\/wp-json\/wp\/v2\/product"}],"about":[{"href":"https:\/\/aiprod.net\/tiendaaiprod\/wp-json\/wp\/v2\/types\/product"}],"replies":[{"embeddable":true,"href":"https:\/\/aiprod.net\/tiendaaiprod\/wp-json\/wp\/v2\/comments?post=136"}],"wp:featuredmedia":[{"embeddable":true,"href":"https:\/\/aiprod.net\/tiendaaiprod\/wp-json\/wp\/v2\/media\/395"}],"wp:attachment":[{"href":"https:\/\/aiprod.net\/tiendaaiprod\/wp-json\/wp\/v2\/media?parent=136"}],"wp:term":[{"taxonomy":"product_cat","embeddable":true,"href":"https:\/\/aiprod.net\/tiendaaiprod\/wp-json\/wp\/v2\/product_cat?post=136"},{"taxonomy":"product_tag","embeddable":true,"href":"https:\/\/aiprod.net\/tiendaaiprod\/wp-json\/wp\/v2\/product_tag?post=136"}],"curies":[{"name":"wp","href":"https:\/\/api.w.org\/{rel}","templated":true}]}}