{"id":119,"date":"2022-04-12T17:21:45","date_gmt":"2022-04-12T17:21:45","guid":{"rendered":"https:\/\/aiprod.net\/tiendaaiprod\/?post_type=product&#038;p=119"},"modified":"2022-04-27T18:55:39","modified_gmt":"2022-04-27T18:55:39","slug":"programa-de-formacion-inicial-del-sistema-penitenciario-para-el-perfil-de-custodia-penitenciaria","status":"publish","type":"product","link":"https:\/\/aiprod.net\/tiendaaiprod\/producto\/programa-de-formacion-inicial-del-sistema-penitenciario-para-el-perfil-de-custodia-penitenciaria\/","title":{"rendered":"Programa de formaci\u00f3n inicial del sistema penitenciario para el Perfil de Custodia Penitenciaria."},"content":{"rendered":"<p><strong>Objetivo<\/strong><\/p>\n<p>Asegurar la adquisici\u00f3n de conocimientos y el desarrollo de habilidades cognoscitivas y psicomotrices, congruentes con los requerimientos que plantea el ejercicio de la funci\u00f3n de custodia penitenciaria, y les permita operar el equipo de trabajo para el desempe\u00f1o de su funci\u00f3n de manera eficiente y apegada a los principios constitucionales de legalidad, objetividad, profesionalismo, eficiencia, honradez y respeto a los derechos humanos.<\/p>\n","protected":false},"excerpt":{"rendered":"<p>547 horas<\/p>\n","protected":false},"featured_media":356,"comment_status":"open","ping_status":"closed","template":"","meta":{"site-sidebar-layout":"default","site-content-layout":"default","ast-main-header-display":"","ast-hfb-above-header-display":"","ast-hfb-below-header-display":"","ast-hfb-mobile-header-display":"","site-post-title":"","ast-breadcrumbs-content":"","ast-featured-img":"","footer-sml-layout":"","theme-transparent-header-meta":"default","adv-header-id-meta":"","stick-header-meta":"default","header-above-stick-meta":"","header-main-stick-meta":"","header-below-stick-meta":""},"product_cat":[24],"product_tag":[],"_links":{"self":[{"href":"https:\/\/aiprod.net\/tiendaaiprod\/wp-json\/wp\/v2\/product\/119"}],"collection":[{"href":"https:\/\/aiprod.net\/tiendaaiprod\/wp-json\/wp\/v2\/product"}],"about":[{"href":"https:\/\/aiprod.net\/tiendaaiprod\/wp-json\/wp\/v2\/types\/product"}],"replies":[{"embeddable":true,"href":"https:\/\/aiprod.net\/tiendaaiprod\/wp-json\/wp\/v2\/comments?post=119"}],"wp:featuredmedia":[{"embeddable":true,"href":"https:\/\/aiprod.net\/tiendaaiprod\/wp-json\/wp\/v2\/media\/356"}],"wp:attachment":[{"href":"https:\/\/aiprod.net\/tiendaaiprod\/wp-json\/wp\/v2\/media?parent=119"}],"wp:term":[{"taxonomy":"product_cat","embeddable":true,"href":"https:\/\/aiprod.net\/tiendaaiprod\/wp-json\/wp\/v2\/product_cat?post=119"},{"taxonomy":"product_tag","embeddable":true,"href":"https:\/\/aiprod.net\/tiendaaiprod\/wp-json\/wp\/v2\/product_tag?post=119"}],"curies":[{"name":"wp","href":"https:\/\/api.w.org\/{rel}","templated":true}]}}