{"id":117,"date":"2022-04-12T17:18:55","date_gmt":"2022-04-12T17:18:55","guid":{"rendered":"https:\/\/aiprod.net\/tiendaaiprod\/?post_type=product&#038;p=117"},"modified":"2022-04-26T18:47:02","modified_gmt":"2022-04-26T18:47:02","slug":"programa-de-formacion-inicial-para-policia-preventivo","status":"publish","type":"product","link":"https:\/\/aiprod.net\/tiendaaiprod\/producto\/programa-de-formacion-inicial-para-policia-preventivo\/","title":{"rendered":"Programa de formaci\u00f3n inicial para Polic\u00eda Preventivo"},"content":{"rendered":"<p><strong>Objetivo<\/strong><\/p>\n<p>Brindar a los futuros integrantes una formaci\u00f3n integral, que aporte los conocimientos t\u00e1cticos operativos, fomente la disciplina y fortalezca las habilidades y actitudes para contribuir al desarrollo de competencias propias de la funci\u00f3n del Polic\u00eda de Protecci\u00f3n Federal.<\/p>\n","protected":false},"excerpt":{"rendered":"<p>970 horas<\/p>\n","protected":false},"featured_media":324,"comment_status":"open","ping_status":"closed","template":"","meta":{"site-sidebar-layout":"default","site-content-layout":"default","ast-main-header-display":"","ast-hfb-above-header-display":"","ast-hfb-below-header-display":"","ast-hfb-mobile-header-display":"","site-post-title":"","ast-breadcrumbs-content":"","ast-featured-img":"","footer-sml-layout":"","theme-transparent-header-meta":"default","adv-header-id-meta":"","stick-header-meta":"default","header-above-stick-meta":"","header-main-stick-meta":"","header-below-stick-meta":""},"product_cat":[23],"product_tag":[],"_links":{"self":[{"href":"https:\/\/aiprod.net\/tiendaaiprod\/wp-json\/wp\/v2\/product\/117"}],"collection":[{"href":"https:\/\/aiprod.net\/tiendaaiprod\/wp-json\/wp\/v2\/product"}],"about":[{"href":"https:\/\/aiprod.net\/tiendaaiprod\/wp-json\/wp\/v2\/types\/product"}],"replies":[{"embeddable":true,"href":"https:\/\/aiprod.net\/tiendaaiprod\/wp-json\/wp\/v2\/comments?post=117"}],"wp:featuredmedia":[{"embeddable":true,"href":"https:\/\/aiprod.net\/tiendaaiprod\/wp-json\/wp\/v2\/media\/324"}],"wp:attachment":[{"href":"https:\/\/aiprod.net\/tiendaaiprod\/wp-json\/wp\/v2\/media?parent=117"}],"wp:term":[{"taxonomy":"product_cat","embeddable":true,"href":"https:\/\/aiprod.net\/tiendaaiprod\/wp-json\/wp\/v2\/product_cat?post=117"},{"taxonomy":"product_tag","embeddable":true,"href":"https:\/\/aiprod.net\/tiendaaiprod\/wp-json\/wp\/v2\/product_tag?post=117"}],"curies":[{"name":"wp","href":"https:\/\/api.w.org\/{rel}","templated":true}]}}